{"id":995,"date":"2011-05-10T22:55:55","date_gmt":"2011-05-10T20:55:55","guid":{"rendered":"http:\/\/www.blpartner.de\/wp\/?page_id=995"},"modified":"2013-11-13T23:42:51","modified_gmt":"2013-11-13T22:42:51","slug":"technik","status":"publish","type":"page","link":"https:\/\/www.blpartner.de\/wp\/technik\/","title":{"rendered":"Technik"},"content":{"rendered":"<p>Wir setzen folgende CAD\/CAM-Software ein, mit der wir Ihre gelieferten Daten \u00fcbernehmen, \u00fcberpr\u00fcfen und bearbeiten k\u00f6nnen. Ebenso entwickeln wir f\u00fcr Sie von der Idee bis zum fertigen Produkt s\u00e4mtliche Fertigungsschritte, visualisieren und testen auf Wunsch anhand von Prototypen.<\/p>\n<h1 id=\"buttons\" style=\"padding-bottom: 10px; border-bottom: 1px solid #e7e7e7; margin: 0px 0 20px 0;\">CAD<\/h1>\n\n\t\t<div class='et-custom-list etlist-check'>\n\t\t\t<ul>\n<ul>\n<li>Pro\/ENGINEER Wildfire 4.0<\/li>\n<li>Catia Version 5.18.<\/li>\n<li>Tebis 3.3 Release 8<\/li>\n<li>Autocad inkl. Mechanical Desktop<\/li>\n<\/ul>\n<\/ul>\n<p>&nbsp;<\/p>\n\t\t<\/div> <!-- .et-custom-list -->\n<h1 id=\"buttons\" style=\"padding-bottom: 10px; border-bottom: 1px solid #e7e7e7; margin: 0px 0 20px 0;\">CAM<\/h1>\n\n\t\t<div class='et-custom-list etlist-check'>\n\t\t\t<ul>\n<li>DEPOCAM<\/li>\n<li>Tebis 3.3 Release 8<\/li>\n<\/ul>\n\t\t<\/div> <!-- .et-custom-list --><br \/>\nMit unseren modernen Fertigungsanlagen steht f\u00fcr die Ausf\u00fchrung komplexer und pr\u00e4ziser Produkte ein umfangreicher Maschinenpark zur Verf\u00fcgung. Hier ein Auszug:<\/p>\n<h1 id=\"buttons\" style=\"padding-bottom: 10px; border-bottom: 1px solid #e7e7e7; margin: 0px 0 20px 0;\">CNC-Fr\u00e4stechnik<\/h1>\n<p><strong>5-Achs-CNC-Fr\u00e4szentrum DMU 200P (DECKEL MAHO) mit HSK 100<\/strong><br \/>\n\n\t\t<div class='et-custom-list etlist-check'>\n\t\t\t<ul>\n<ul>\n<li>TNC 430<\/li>\n<li>Bearbeitungsbereich x = 2400 mm, y = 1800 mm, z = 1100 mm<\/li>\n<li>St\u00fcckgewicht max. 5000 kg<\/li>\n<\/ul>\n<\/ul>\n<p>&nbsp;<\/p>\n<p><strong>5-Achs-CNC-Universal-Fr\u00e4smaschine DMU 125 duoBLOCK (DECKEL MAHO)<\/strong><\/p>\n<ul>\n<ul>\n<li>iTNC 530<\/li>\n<li>Bearbeitungsbereich x = 1250 mm, y = 1250 mm, z = 1000 mm<\/li>\n<li>Rundtisch \u00d8 1250 x 1100 mm<\/li>\n<li>NC-gesteuerter Schwenkfr\u00e4skopf<\/li>\n<li>Beladegewicht 2000 kg<\/li>\n<\/ul>\n<\/ul>\n<p>&nbsp;<\/p>\n<p><strong>5-Achs-CNC-Fr\u00e4szentrum DMU 125P (DECKEL MAHO) mit HSK 100<\/strong><\/p>\n<ul>\n<ul>\n<li>TNC 430<\/li>\n<li>Bearbeitungsbereich\u00a0x = 1250 mm, y = 800 mm, z = 800 mm<\/li>\n<\/ul>\n<\/ul>\n<p>&nbsp;<\/p>\n<p><strong>4-Achs-CNC-Fr\u00e4szentrum DMF 360 linear (DECKEL MAHO) mit HSK 100<\/strong><\/p>\n<ul>\n<ul>\n<li>iTNC 530<\/li>\n<li>Bearbeitungsbereich\u00a0x = 3600 mm, y = 920 mm, z = 820 mm<\/li>\n<\/ul>\n<\/ul>\n<p>&nbsp;<\/p>\n<p><strong>5-Achs-CNC-Fr\u00e4szentrum DMU 80P (DECKEL MAHO) mit HSK 100<\/strong><\/p>\n<ul>\n<ul>\n<li>iTNC 530<\/li>\n<li>Bearbeitungsbereich\u00a0x = 800 mm, y = 800 mm, z = 800 mm<\/li>\n<\/ul>\n<\/ul>\n<p>&nbsp;<\/p>\n<p><strong>3-Achs-CNC-Fr\u00e4smaschine (matec Maschinenbau) mit TNC 426 CB<\/strong><\/p>\n<ul>\n<ul>\n<li>Bearbeitungsbereich\u00a0x = 3000 mm, y = 1500 mm, z = 850 mm<\/li>\n<\/ul>\n<\/ul>\n<p>&nbsp;<\/p>\n<p><strong>Mehrere 3-Achs-CNC-Fr\u00e4smaschinen (CINCINNATI) mit TNC 415<\/strong><\/p>\n<ul>\n<li>Bearbeitungsbereich:\u00a0x = 1250 mm, y = 650 mm, z = 650 mm<\/li>\n<\/ul>\n\t\t<\/div> <!-- .et-custom-list --><br \/>\nDie permanente Kontrolle der Fertigungstoleranzen sowie die Vermessung bzw. die Fl\u00e4chenr\u00fcckf\u00fchrung vorhandener Teile erstellen wir mit unserer pr\u00e4zisen<\/p>\n<h1 id=\"buttons\" style=\"padding-bottom: 10px; border-bottom: 1px solid #e7e7e7; margin: 0px 0 20px 0;\">CNC-Messtechnik<\/h1>\n<p><strong><a href=\"http:\/\/www.blpartner.de\/wp\/wp-content\/uploads\/2011\/05\/messtechnik.jpg\"><img loading=\"lazy\" decoding=\"async\" class=\"size-thumbnail wp-image-1025 alignright\" title=\"Messtechnik\" alt=\"\" src=\"http:\/\/www.blpartner.de\/wp\/wp-content\/uploads\/2011\/05\/messtechnik-150x150.jpg\" width=\"150\" height=\"150\" srcset=\"https:\/\/www.blpartner.de\/wp\/wp-content\/uploads\/2011\/05\/messtechnik-150x150.jpg 150w, https:\/\/www.blpartner.de\/wp\/wp-content\/uploads\/2011\/05\/messtechnik-184x184.jpg 184w, https:\/\/www.blpartner.de\/wp\/wp-content\/uploads\/2011\/05\/messtechnik-185x185.jpg 185w, https:\/\/www.blpartner.de\/wp\/wp-content\/uploads\/2011\/05\/messtechnik-59x59.jpg 59w\" sizes=\"auto, (max-width: 150px) 100vw, 150px\" \/><\/a>CNC-Messmaschine (Wenzel Pr\u00e4zision)<\/strong><br \/>\n\n\t\t<div class='et-custom-list etlist-check'>\n\t\t\t<ul>\n<li>mit tastendem 5-Wege-Me\u00dfsystem<\/li>\n<li>inkl. Digitalisierung und Fl\u00e4chenr\u00fcckf\u00fchrung<\/li>\n<li>max. Me\u00dfbereich x = 2000 mm, y = 1000 mm, z = 1000 mm<\/li>\n<li>max. 1,8 t St\u00fcckgewicht<\/li>\n<\/ul>\n\t\t<\/div> <!-- .et-custom-list --><\/p>\n<p>&nbsp;<\/p>\n","protected":false},"excerpt":{"rendered":"<p>Wir setzen folgende CAD\/CAM-Software ein, mit der wir Ihre gelieferten Daten \u00fcbernehmen, \u00fcberpr\u00fcfen und bearbeiten k\u00f6nnen. Ebenso entwickeln wir f\u00fcr Sie von der Idee bis zum fertigen Produkt s\u00e4mtliche Fertigungsschritte, visualisieren und testen auf Wunsch anhand von Prototypen. CAD CAM Mit unseren modernen Fertigungsanlagen steht f\u00fcr die Ausf\u00fchrung komplexer und pr\u00e4ziser Produkte ein umfangreicher Maschinenpark [&hellip;]<\/p>\n","protected":false},"author":1,"featured_media":0,"parent":0,"menu_order":0,"comment_status":"open","ping_status":"open","template":"","meta":{"footnotes":""},"class_list":["post-995","page","type-page","status-publish","hentry"],"yoast_head":"<!-- This site is optimized with the Yoast SEO plugin v26.3 - https:\/\/yoast.com\/wordpress\/plugins\/seo\/ -->\n<title>Technik - Basdorf, Lampe &amp; Partner<\/title>\n<meta name=\"robots\" content=\"index, follow, max-snippet:-1, max-image-preview:large, max-video-preview:-1\" \/>\n<link rel=\"canonical\" href=\"https:\/\/www.blpartner.de\/wp\/technik\/\" \/>\n<meta property=\"og:locale\" content=\"de_DE\" \/>\n<meta property=\"og:type\" content=\"article\" \/>\n<meta property=\"og:title\" content=\"Technik - Basdorf, Lampe &amp; Partner\" \/>\n<meta property=\"og:description\" content=\"Wir setzen folgende CAD\/CAM-Software ein, mit der wir Ihre gelieferten Daten \u00fcbernehmen, \u00fcberpr\u00fcfen und bearbeiten k\u00f6nnen. Ebenso entwickeln wir f\u00fcr Sie von der Idee bis zum fertigen Produkt s\u00e4mtliche Fertigungsschritte, visualisieren und testen auf Wunsch anhand von Prototypen. CAD CAM Mit unseren modernen Fertigungsanlagen steht f\u00fcr die Ausf\u00fchrung komplexer und pr\u00e4ziser Produkte ein umfangreicher Maschinenpark [&hellip;]\" \/>\n<meta property=\"og:url\" content=\"https:\/\/www.blpartner.de\/wp\/technik\/\" \/>\n<meta property=\"og:site_name\" content=\"Basdorf, Lampe &amp; Partner\" \/>\n<meta property=\"article:modified_time\" content=\"2013-11-13T22:42:51+00:00\" \/>\n<meta property=\"og:image\" content=\"http:\/\/www.blpartner.de\/wp\/wp-content\/uploads\/2011\/05\/messtechnik-150x150.jpg\" \/>\n<meta name=\"twitter:card\" content=\"summary_large_image\" \/>\n<script type=\"application\/ld+json\" class=\"yoast-schema-graph\">{\"@context\":\"https:\/\/schema.org\",\"@graph\":[{\"@type\":\"WebPage\",\"@id\":\"https:\/\/www.blpartner.de\/wp\/technik\/\",\"url\":\"https:\/\/www.blpartner.de\/wp\/technik\/\",\"name\":\"Technik - Basdorf, Lampe &amp; Partner\",\"isPartOf\":{\"@id\":\"https:\/\/www.blpartner.de\/wp\/#website\"},\"primaryImageOfPage\":{\"@id\":\"https:\/\/www.blpartner.de\/wp\/technik\/#primaryimage\"},\"image\":{\"@id\":\"https:\/\/www.blpartner.de\/wp\/technik\/#primaryimage\"},\"thumbnailUrl\":\"http:\/\/www.blpartner.de\/wp\/wp-content\/uploads\/2011\/05\/messtechnik-150x150.jpg\",\"datePublished\":\"2011-05-10T20:55:55+00:00\",\"dateModified\":\"2013-11-13T22:42:51+00:00\",\"breadcrumb\":{\"@id\":\"https:\/\/www.blpartner.de\/wp\/technik\/#breadcrumb\"},\"inLanguage\":\"de\",\"potentialAction\":[{\"@type\":\"ReadAction\",\"target\":[\"https:\/\/www.blpartner.de\/wp\/technik\/\"]}]},{\"@type\":\"ImageObject\",\"inLanguage\":\"de\",\"@id\":\"https:\/\/www.blpartner.de\/wp\/technik\/#primaryimage\",\"url\":\"https:\/\/www.blpartner.de\/wp\/wp-content\/uploads\/2011\/05\/messtechnik.jpg\",\"contentUrl\":\"https:\/\/www.blpartner.de\/wp\/wp-content\/uploads\/2011\/05\/messtechnik.jpg\",\"width\":\"300\",\"height\":\"225\"},{\"@type\":\"BreadcrumbList\",\"@id\":\"https:\/\/www.blpartner.de\/wp\/technik\/#breadcrumb\",\"itemListElement\":[{\"@type\":\"ListItem\",\"position\":1,\"name\":\"Startseite\",\"item\":\"https:\/\/www.blpartner.de\/wp\/\"},{\"@type\":\"ListItem\",\"position\":2,\"name\":\"Technik\"}]},{\"@type\":\"WebSite\",\"@id\":\"https:\/\/www.blpartner.de\/wp\/#website\",\"url\":\"https:\/\/www.blpartner.de\/wp\/\",\"name\":\"Basdorf, Lampe &amp; Partner\",\"description\":\"Werkzeug- und Formenbau\",\"potentialAction\":[{\"@type\":\"SearchAction\",\"target\":{\"@type\":\"EntryPoint\",\"urlTemplate\":\"https:\/\/www.blpartner.de\/wp\/?s={search_term_string}\"},\"query-input\":{\"@type\":\"PropertyValueSpecification\",\"valueRequired\":true,\"valueName\":\"search_term_string\"}}],\"inLanguage\":\"de\"}]}<\/script>\n<!-- \/ Yoast SEO plugin. -->","yoast_head_json":{"title":"Technik - Basdorf, Lampe &amp; Partner","robots":{"index":"index","follow":"follow","max-snippet":"max-snippet:-1","max-image-preview":"max-image-preview:large","max-video-preview":"max-video-preview:-1"},"canonical":"https:\/\/www.blpartner.de\/wp\/technik\/","og_locale":"de_DE","og_type":"article","og_title":"Technik - Basdorf, Lampe &amp; Partner","og_description":"Wir setzen folgende CAD\/CAM-Software ein, mit der wir Ihre gelieferten Daten \u00fcbernehmen, \u00fcberpr\u00fcfen und bearbeiten k\u00f6nnen. Ebenso entwickeln wir f\u00fcr Sie von der Idee bis zum fertigen Produkt s\u00e4mtliche Fertigungsschritte, visualisieren und testen auf Wunsch anhand von Prototypen. CAD CAM Mit unseren modernen Fertigungsanlagen steht f\u00fcr die Ausf\u00fchrung komplexer und pr\u00e4ziser Produkte ein umfangreicher Maschinenpark [&hellip;]","og_url":"https:\/\/www.blpartner.de\/wp\/technik\/","og_site_name":"Basdorf, Lampe &amp; Partner","article_modified_time":"2013-11-13T22:42:51+00:00","og_image":[{"url":"http:\/\/www.blpartner.de\/wp\/wp-content\/uploads\/2011\/05\/messtechnik-150x150.jpg","type":"","width":"","height":""}],"twitter_card":"summary_large_image","schema":{"@context":"https:\/\/schema.org","@graph":[{"@type":"WebPage","@id":"https:\/\/www.blpartner.de\/wp\/technik\/","url":"https:\/\/www.blpartner.de\/wp\/technik\/","name":"Technik - Basdorf, Lampe &amp; Partner","isPartOf":{"@id":"https:\/\/www.blpartner.de\/wp\/#website"},"primaryImageOfPage":{"@id":"https:\/\/www.blpartner.de\/wp\/technik\/#primaryimage"},"image":{"@id":"https:\/\/www.blpartner.de\/wp\/technik\/#primaryimage"},"thumbnailUrl":"http:\/\/www.blpartner.de\/wp\/wp-content\/uploads\/2011\/05\/messtechnik-150x150.jpg","datePublished":"2011-05-10T20:55:55+00:00","dateModified":"2013-11-13T22:42:51+00:00","breadcrumb":{"@id":"https:\/\/www.blpartner.de\/wp\/technik\/#breadcrumb"},"inLanguage":"de","potentialAction":[{"@type":"ReadAction","target":["https:\/\/www.blpartner.de\/wp\/technik\/"]}]},{"@type":"ImageObject","inLanguage":"de","@id":"https:\/\/www.blpartner.de\/wp\/technik\/#primaryimage","url":"https:\/\/www.blpartner.de\/wp\/wp-content\/uploads\/2011\/05\/messtechnik.jpg","contentUrl":"https:\/\/www.blpartner.de\/wp\/wp-content\/uploads\/2011\/05\/messtechnik.jpg","width":"300","height":"225"},{"@type":"BreadcrumbList","@id":"https:\/\/www.blpartner.de\/wp\/technik\/#breadcrumb","itemListElement":[{"@type":"ListItem","position":1,"name":"Startseite","item":"https:\/\/www.blpartner.de\/wp\/"},{"@type":"ListItem","position":2,"name":"Technik"}]},{"@type":"WebSite","@id":"https:\/\/www.blpartner.de\/wp\/#website","url":"https:\/\/www.blpartner.de\/wp\/","name":"Basdorf, Lampe &amp; Partner","description":"Werkzeug- und Formenbau","potentialAction":[{"@type":"SearchAction","target":{"@type":"EntryPoint","urlTemplate":"https:\/\/www.blpartner.de\/wp\/?s={search_term_string}"},"query-input":{"@type":"PropertyValueSpecification","valueRequired":true,"valueName":"search_term_string"}}],"inLanguage":"de"}]}},"_links":{"self":[{"href":"https:\/\/www.blpartner.de\/wp\/wp-json\/wp\/v2\/pages\/995","targetHints":{"allow":["GET"]}}],"collection":[{"href":"https:\/\/www.blpartner.de\/wp\/wp-json\/wp\/v2\/pages"}],"about":[{"href":"https:\/\/www.blpartner.de\/wp\/wp-json\/wp\/v2\/types\/page"}],"author":[{"embeddable":true,"href":"https:\/\/www.blpartner.de\/wp\/wp-json\/wp\/v2\/users\/1"}],"replies":[{"embeddable":true,"href":"https:\/\/www.blpartner.de\/wp\/wp-json\/wp\/v2\/comments?post=995"}],"version-history":[{"count":78,"href":"https:\/\/www.blpartner.de\/wp\/wp-json\/wp\/v2\/pages\/995\/revisions"}],"predecessor-version":[{"id":997,"href":"https:\/\/www.blpartner.de\/wp\/wp-json\/wp\/v2\/pages\/995\/revisions\/997"}],"wp:attachment":[{"href":"https:\/\/www.blpartner.de\/wp\/wp-json\/wp\/v2\/media?parent=995"}],"curies":[{"name":"wp","href":"https:\/\/api.w.org\/{rel}","templated":true}]}}