{"id":819,"date":"2011-01-28T00:17:14","date_gmt":"2011-01-27T23:17:14","guid":{"rendered":"http:\/\/www.blpartner.de\/wp\/"},"modified":"2016-12-25T18:47:51","modified_gmt":"2016-12-25T17:47:51","slug":"kontakt","status":"publish","type":"page","link":"https:\/\/www.blpartner.de\/wp\/kontakt\/","title":{"rendered":"Kontakt"},"content":{"rendered":"<p>Wir sind Ihr Partner f\u00fcr Werkzeug- und Formenbau &#8211; z\u00f6gern Sie bitte nicht, uns zu kontakten, wenn Sie ein Projekt planen, projektieren oder kalkulieren m\u00f6chten.<\/p>\n<p>Sie erreichen uns auch telefonisch unter: +49 30 6576 2784 oder per eMail: <span style=\"color: black;\"><a href=\"mailto:blpartner@blpartner.de\">blpartner@blpartner.de<br \/>\n<\/a><\/span><\/p>\n<p>Wir freuen uns auf Ihren Besuch in der K\u00f6penicker Stra\u00dfe 325 \/ Halle 41,\u00a012555 Berlin <span style=\"color: black;\"><a href=\"http:\/\/www.blpartner.de\/wp\/kontakt\/anfahrt\/\" target=\"_self\">&gt; Anfahrtplan<\/a><\/span><\/p>\n<p>\n<div class=\"wpcf7 no-js\" id=\"wpcf7-f1786-o1\" lang=\"de-DE\" dir=\"ltr\" data-wpcf7-id=\"1786\">\n<div class=\"screen-reader-response\"><p role=\"status\" aria-live=\"polite\" aria-atomic=\"true\"><\/p> <ul><\/ul><\/div>\n<form action=\"\/wp\/wp-json\/wp\/v2\/pages\/819#wpcf7-f1786-o1\" method=\"post\" class=\"wpcf7-form init\" aria-label=\"Kontaktformular\" novalidate=\"novalidate\" data-status=\"init\">\n<fieldset class=\"hidden-fields-container\"><input type=\"hidden\" name=\"_wpcf7\" value=\"1786\" \/><input type=\"hidden\" name=\"_wpcf7_version\" value=\"6.1.3\" \/><input type=\"hidden\" name=\"_wpcf7_locale\" value=\"de_DE\" \/><input type=\"hidden\" name=\"_wpcf7_unit_tag\" value=\"wpcf7-f1786-o1\" \/><input type=\"hidden\" name=\"_wpcf7_container_post\" value=\"0\" \/><input type=\"hidden\" name=\"_wpcf7_posted_data_hash\" value=\"\" \/>\n<\/fieldset>\n<p><label> Ihr Name (Pflichtfeld)<br \/>\n<span class=\"wpcf7-form-control-wrap\" data-name=\"your-name\"><input size=\"40\" maxlength=\"400\" class=\"wpcf7-form-control wpcf7-text wpcf7-validates-as-required\" aria-required=\"true\" aria-invalid=\"false\" value=\"\" type=\"text\" name=\"your-name\" \/><\/span> <\/label>\n<\/p>\n<p><label> Ihre E-Mail-Adresse (Pflichtfeld)<br \/>\n<span class=\"wpcf7-form-control-wrap\" data-name=\"your-email\"><input size=\"40\" maxlength=\"400\" class=\"wpcf7-form-control wpcf7-email wpcf7-validates-as-required wpcf7-text wpcf7-validates-as-email\" aria-required=\"true\" aria-invalid=\"false\" value=\"\" type=\"email\" name=\"your-email\" \/><\/span> <\/label>\n<\/p>\n<p><label> Betreff<br \/>\n<span class=\"wpcf7-form-control-wrap\" data-name=\"your-subject\"><input size=\"40\" maxlength=\"400\" class=\"wpcf7-form-control wpcf7-text\" aria-invalid=\"false\" value=\"\" type=\"text\" name=\"your-subject\" \/><\/span> <\/label>\n<\/p>\n<p><label> Ihre Nachricht<br \/>\n<span class=\"wpcf7-form-control-wrap\" data-name=\"your-message\"><textarea cols=\"40\" rows=\"10\" maxlength=\"2000\" class=\"wpcf7-form-control wpcf7-textarea\" aria-invalid=\"false\" name=\"your-message\"><\/textarea><\/span> <\/label><br \/>\n<span id=\"wpcf7-69ff4d9ea04b0-wrapper\" class=\"wpcf7-form-control-wrap honeypot-856-wrap\" style=\"display:none !important; visibility:hidden !important;\"><label for=\"wpcf7-69ff4d9ea04b0-field\" class=\"hp-message\">Bitte lasse dieses Feld leer.<\/label><input id=\"wpcf7-69ff4d9ea04b0-field\"  class=\"wpcf7-form-control wpcf7-text\" type=\"text\" name=\"honeypot-856\" value=\"\" size=\"40\" tabindex=\"-1\" autocomplete=\"new-password\" \/><\/span><br \/>\nIch akzeptiere die f\u00fcr Basdorf, Lampe und Partner g\u00fcltigen <a href=\"https:\/\/www.blpartner.de\/wp\/datenschutzerklaerung\/\"  target=\"_new\" style=\"color:#881800\">Datenschutzerkl\u00e4rung<\/a>: <label><span class=\"wpcf7-form-control-wrap\" data-name=\"Datenschutzerklrung\"><span class=\"wpcf7-form-control wpcf7-acceptance\"><span class=\"wpcf7-list-item\"><input type=\"checkbox\" name=\"Datenschutzerklrung\" value=\"1\" aria-invalid=\"false\" \/><\/span><\/span><\/span><\/label><br \/>\n<input class=\"wpcf7-form-control wpcf7-submit has-spinner\" type=\"submit\" value=\"Senden\" \/>\n<\/p><div class=\"wpcf7-response-output\" aria-hidden=\"true\"><\/div>\n<\/form>\n<\/div>\n<br \/>\n<span style=\"color: black;\"><!--more--><br \/>\n<\/span><\/p>\n","protected":false},"excerpt":{"rendered":"<p>Wir sind Ihr Partner f\u00fcr Werkzeug- und Formenbau &#8211; z\u00f6gern Sie bitte nicht, uns zu kontakten, wenn Sie ein Projekt planen, projektieren oder kalkulieren m\u00f6chten. Sie erreichen uns auch telefonisch unter: +49 30 6576 2784 oder per eMail: blpartner@blpartner.de Wir freuen uns auf Ihren Besuch in der K\u00f6penicker Stra\u00dfe 325 \/ Halle 41,\u00a012555 Berlin &gt; [&hellip;]<\/p>\n","protected":false},"author":1,"featured_media":0,"parent":0,"menu_order":0,"comment_status":"open","ping_status":"open","template":"","meta":{"footnotes":""},"class_list":["post-819","page","type-page","status-publish","hentry"],"yoast_head":"<!-- This site is optimized with the Yoast SEO plugin v26.3 - https:\/\/yoast.com\/wordpress\/plugins\/seo\/ -->\n<title>Kontakt - Basdorf, Lampe &amp; Partner<\/title>\n<meta name=\"robots\" content=\"index, follow, max-snippet:-1, max-image-preview:large, max-video-preview:-1\" \/>\n<link rel=\"canonical\" href=\"https:\/\/www.blpartner.de\/wp\/kontakt\/\" \/>\n<meta property=\"og:locale\" content=\"de_DE\" \/>\n<meta property=\"og:type\" content=\"article\" \/>\n<meta property=\"og:title\" content=\"Kontakt - Basdorf, Lampe &amp; Partner\" \/>\n<meta property=\"og:description\" content=\"Wir sind Ihr Partner f\u00fcr Werkzeug- und Formenbau &#8211; z\u00f6gern Sie bitte nicht, uns zu kontakten, wenn Sie ein Projekt planen, projektieren oder kalkulieren m\u00f6chten. Sie erreichen uns auch telefonisch unter: +49 30 6576 2784 oder per eMail: blpartner@blpartner.de Wir freuen uns auf Ihren Besuch in der K\u00f6penicker Stra\u00dfe 325 \/ Halle 41,\u00a012555 Berlin &gt; [&hellip;]\" \/>\n<meta property=\"og:url\" content=\"https:\/\/www.blpartner.de\/wp\/kontakt\/\" \/>\n<meta property=\"og:site_name\" content=\"Basdorf, Lampe &amp; Partner\" \/>\n<meta property=\"article:modified_time\" content=\"2016-12-25T17:47:51+00:00\" \/>\n<meta name=\"twitter:card\" content=\"summary_large_image\" \/>\n<script type=\"application\/ld+json\" class=\"yoast-schema-graph\">{\"@context\":\"https:\/\/schema.org\",\"@graph\":[{\"@type\":\"WebPage\",\"@id\":\"https:\/\/www.blpartner.de\/wp\/kontakt\/\",\"url\":\"https:\/\/www.blpartner.de\/wp\/kontakt\/\",\"name\":\"Kontakt - Basdorf, Lampe &amp; Partner\",\"isPartOf\":{\"@id\":\"https:\/\/www.blpartner.de\/wp\/#website\"},\"datePublished\":\"2011-01-27T23:17:14+00:00\",\"dateModified\":\"2016-12-25T17:47:51+00:00\",\"breadcrumb\":{\"@id\":\"https:\/\/www.blpartner.de\/wp\/kontakt\/#breadcrumb\"},\"inLanguage\":\"de\",\"potentialAction\":[{\"@type\":\"ReadAction\",\"target\":[\"https:\/\/www.blpartner.de\/wp\/kontakt\/\"]}]},{\"@type\":\"BreadcrumbList\",\"@id\":\"https:\/\/www.blpartner.de\/wp\/kontakt\/#breadcrumb\",\"itemListElement\":[{\"@type\":\"ListItem\",\"position\":1,\"name\":\"Startseite\",\"item\":\"https:\/\/www.blpartner.de\/wp\/\"},{\"@type\":\"ListItem\",\"position\":2,\"name\":\"Kontakt\"}]},{\"@type\":\"WebSite\",\"@id\":\"https:\/\/www.blpartner.de\/wp\/#website\",\"url\":\"https:\/\/www.blpartner.de\/wp\/\",\"name\":\"Basdorf, Lampe &amp; Partner\",\"description\":\"Werkzeug- und Formenbau\",\"potentialAction\":[{\"@type\":\"SearchAction\",\"target\":{\"@type\":\"EntryPoint\",\"urlTemplate\":\"https:\/\/www.blpartner.de\/wp\/?s={search_term_string}\"},\"query-input\":{\"@type\":\"PropertyValueSpecification\",\"valueRequired\":true,\"valueName\":\"search_term_string\"}}],\"inLanguage\":\"de\"}]}<\/script>\n<!-- \/ Yoast SEO plugin. -->","yoast_head_json":{"title":"Kontakt - Basdorf, Lampe &amp; Partner","robots":{"index":"index","follow":"follow","max-snippet":"max-snippet:-1","max-image-preview":"max-image-preview:large","max-video-preview":"max-video-preview:-1"},"canonical":"https:\/\/www.blpartner.de\/wp\/kontakt\/","og_locale":"de_DE","og_type":"article","og_title":"Kontakt - Basdorf, Lampe &amp; Partner","og_description":"Wir sind Ihr Partner f\u00fcr Werkzeug- und Formenbau &#8211; z\u00f6gern Sie bitte nicht, uns zu kontakten, wenn Sie ein Projekt planen, projektieren oder kalkulieren m\u00f6chten. Sie erreichen uns auch telefonisch unter: +49 30 6576 2784 oder per eMail: blpartner@blpartner.de Wir freuen uns auf Ihren Besuch in der K\u00f6penicker Stra\u00dfe 325 \/ Halle 41,\u00a012555 Berlin &gt; [&hellip;]","og_url":"https:\/\/www.blpartner.de\/wp\/kontakt\/","og_site_name":"Basdorf, Lampe &amp; Partner","article_modified_time":"2016-12-25T17:47:51+00:00","twitter_card":"summary_large_image","schema":{"@context":"https:\/\/schema.org","@graph":[{"@type":"WebPage","@id":"https:\/\/www.blpartner.de\/wp\/kontakt\/","url":"https:\/\/www.blpartner.de\/wp\/kontakt\/","name":"Kontakt - Basdorf, Lampe &amp; Partner","isPartOf":{"@id":"https:\/\/www.blpartner.de\/wp\/#website"},"datePublished":"2011-01-27T23:17:14+00:00","dateModified":"2016-12-25T17:47:51+00:00","breadcrumb":{"@id":"https:\/\/www.blpartner.de\/wp\/kontakt\/#breadcrumb"},"inLanguage":"de","potentialAction":[{"@type":"ReadAction","target":["https:\/\/www.blpartner.de\/wp\/kontakt\/"]}]},{"@type":"BreadcrumbList","@id":"https:\/\/www.blpartner.de\/wp\/kontakt\/#breadcrumb","itemListElement":[{"@type":"ListItem","position":1,"name":"Startseite","item":"https:\/\/www.blpartner.de\/wp\/"},{"@type":"ListItem","position":2,"name":"Kontakt"}]},{"@type":"WebSite","@id":"https:\/\/www.blpartner.de\/wp\/#website","url":"https:\/\/www.blpartner.de\/wp\/","name":"Basdorf, Lampe &amp; Partner","description":"Werkzeug- und Formenbau","potentialAction":[{"@type":"SearchAction","target":{"@type":"EntryPoint","urlTemplate":"https:\/\/www.blpartner.de\/wp\/?s={search_term_string}"},"query-input":{"@type":"PropertyValueSpecification","valueRequired":true,"valueName":"search_term_string"}}],"inLanguage":"de"}]}},"_links":{"self":[{"href":"https:\/\/www.blpartner.de\/wp\/wp-json\/wp\/v2\/pages\/819","targetHints":{"allow":["GET"]}}],"collection":[{"href":"https:\/\/www.blpartner.de\/wp\/wp-json\/wp\/v2\/pages"}],"about":[{"href":"https:\/\/www.blpartner.de\/wp\/wp-json\/wp\/v2\/types\/page"}],"author":[{"embeddable":true,"href":"https:\/\/www.blpartner.de\/wp\/wp-json\/wp\/v2\/users\/1"}],"replies":[{"embeddable":true,"href":"https:\/\/www.blpartner.de\/wp\/wp-json\/wp\/v2\/comments?post=819"}],"version-history":[{"count":31,"href":"https:\/\/www.blpartner.de\/wp\/wp-json\/wp\/v2\/pages\/819\/revisions"}],"predecessor-version":[{"id":1788,"href":"https:\/\/www.blpartner.de\/wp\/wp-json\/wp\/v2\/pages\/819\/revisions\/1788"}],"wp:attachment":[{"href":"https:\/\/www.blpartner.de\/wp\/wp-json\/wp\/v2\/media?parent=819"}],"curies":[{"name":"wp","href":"https:\/\/api.w.org\/{rel}","templated":true}]}}