{"id":724,"date":"2010-09-15T05:33:46","date_gmt":"2010-09-15T05:33:46","guid":{"rendered":"http:\/\/elegantthemes.com\/preview\/DeepFocus\/?page_id=2"},"modified":"2015-07-21T19:57:12","modified_gmt":"2015-07-21T17:57:12","slug":"ueberblp","status":"publish","type":"page","link":"https:\/\/www.blpartner.de\/wp\/ueberblp\/","title":{"rendered":"\u00dcber BL&#038;P"},"content":{"rendered":"<p>Die Basdorf, Lampe &amp; Partner GmbH baut seit 1994 im S\u00fcdosten Berlins, in K\u00f6penick, Formen und Werkzeuge.<br \/>\nWas mit neun Mitarbeitern, zwei neuen CNC-Fr\u00e4smaschinen und einer CAD\/CAM-Station von Tebis begann, konnte durch stetige Investitionen in <!--more-->Technik sowie Aus- und Weiterbildung zu einem respektablen mittelst\u00e4ndischen Unternehmen ausgebaut werden. Das Team wuchs auf 26 Mitarbeiter, der Maschinenpark konnte auf acht CNC-Fr\u00e4smaschinen, darunter drei 5-Achs-Maschinen und zehn CAD\/CAM-Stationen sowie eine CNC-Messmaschine erweitert werden.<\/p>\n<p>Unser hochqualifiziertes Team:<\/p>\n<ul>\n<li>6 Ingenieure<\/li>\n<li>2 Meister<\/li>\n<li>17 Facharbeiter<\/li>\n<li>5 Auszubildende<\/li>\n<\/ul>\n<p>Unser Leistungsspektrum reicht vom Formen- und Werkzeugbau f\u00fcr Gie\u00dfereien \u00fcber die Herstellung von Blechumformwerkzeugen, Versuchsmodellen und Prototypen bis zur Lohnarbeit.<\/p>\n<p>Seit 2003 ist die Firma nach DIN EN ISO 9001 zertifiziert.\u00a0Wir fertigen deutschlandweit haupts\u00e4chlich f\u00fcr die Automobilindustrie bzw. f\u00fcr die serienfertigende Zulieferindustrie und weitere namhafte Industrie-Unternehmen wie z.B. Gie\u00dfereien. \u00dcberzeugen Sie sich gern auf unserer Referenzseite.<\/p>\n<p>H\u00f6chstm\u00f6gliche Kundenzufriedenheit ist prim\u00e4res Ziel unserer Qualit\u00e4tspolitik. Wir w\u00fcrden uns freuen, wenn Ihr Besuch auf unserer Webseite zu einer Kontaktaufnahme f\u00fchrt.<\/p>\n<p>Felix Kricheldorff<br \/>\nGesch\u00e4ftsf\u00fchrung<\/p>\n","protected":false},"excerpt":{"rendered":"<p>Die Basdorf, Lampe &amp; Partner GmbH baut seit 1994 im S\u00fcdosten Berlins, in K\u00f6penick, Formen und Werkzeuge. Was mit neun Mitarbeitern, zwei neuen CNC-Fr\u00e4smaschinen und einer CAD\/CAM-Station von Tebis begann, konnte durch stetige Investitionen in<\/p>\n","protected":false},"author":1,"featured_media":0,"parent":0,"menu_order":0,"comment_status":"closed","ping_status":"closed","template":"","meta":{"footnotes":""},"class_list":["post-724","page","type-page","status-publish","hentry"],"yoast_head":"<!-- This site is optimized with the Yoast SEO plugin v26.3 - https:\/\/yoast.com\/wordpress\/plugins\/seo\/ -->\n<title>\u00dcber BL&amp;P - Basdorf, Lampe &amp; Partner<\/title>\n<meta name=\"robots\" content=\"index, follow, max-snippet:-1, max-image-preview:large, max-video-preview:-1\" \/>\n<link rel=\"canonical\" href=\"https:\/\/www.blpartner.de\/wp\/ueberblp\/\" \/>\n<meta property=\"og:locale\" content=\"de_DE\" \/>\n<meta property=\"og:type\" content=\"article\" \/>\n<meta property=\"og:title\" content=\"\u00dcber BL&amp;P - Basdorf, Lampe &amp; Partner\" \/>\n<meta property=\"og:description\" content=\"Die Basdorf, Lampe &amp; Partner GmbH baut seit 1994 im S\u00fcdosten Berlins, in K\u00f6penick, Formen und Werkzeuge. Was mit neun Mitarbeitern, zwei neuen CNC-Fr\u00e4smaschinen und einer CAD\/CAM-Station von Tebis begann, konnte durch stetige Investitionen in\" \/>\n<meta property=\"og:url\" content=\"https:\/\/www.blpartner.de\/wp\/ueberblp\/\" \/>\n<meta property=\"og:site_name\" content=\"Basdorf, Lampe &amp; Partner\" \/>\n<meta property=\"article:modified_time\" content=\"2015-07-21T17:57:12+00:00\" \/>\n<meta name=\"twitter:card\" content=\"summary_large_image\" \/>\n<script type=\"application\/ld+json\" class=\"yoast-schema-graph\">{\"@context\":\"https:\/\/schema.org\",\"@graph\":[{\"@type\":\"WebPage\",\"@id\":\"https:\/\/www.blpartner.de\/wp\/ueberblp\/\",\"url\":\"https:\/\/www.blpartner.de\/wp\/ueberblp\/\",\"name\":\"\u00dcber BL&P - Basdorf, Lampe &amp; Partner\",\"isPartOf\":{\"@id\":\"https:\/\/www.blpartner.de\/wp\/#website\"},\"datePublished\":\"2010-09-15T05:33:46+00:00\",\"dateModified\":\"2015-07-21T17:57:12+00:00\",\"breadcrumb\":{\"@id\":\"https:\/\/www.blpartner.de\/wp\/ueberblp\/#breadcrumb\"},\"inLanguage\":\"de\",\"potentialAction\":[{\"@type\":\"ReadAction\",\"target\":[\"https:\/\/www.blpartner.de\/wp\/ueberblp\/\"]}]},{\"@type\":\"BreadcrumbList\",\"@id\":\"https:\/\/www.blpartner.de\/wp\/ueberblp\/#breadcrumb\",\"itemListElement\":[{\"@type\":\"ListItem\",\"position\":1,\"name\":\"Startseite\",\"item\":\"https:\/\/www.blpartner.de\/wp\/\"},{\"@type\":\"ListItem\",\"position\":2,\"name\":\"\u00dcber BL&#038;P\"}]},{\"@type\":\"WebSite\",\"@id\":\"https:\/\/www.blpartner.de\/wp\/#website\",\"url\":\"https:\/\/www.blpartner.de\/wp\/\",\"name\":\"Basdorf, Lampe &amp; Partner\",\"description\":\"Werkzeug- und Formenbau\",\"potentialAction\":[{\"@type\":\"SearchAction\",\"target\":{\"@type\":\"EntryPoint\",\"urlTemplate\":\"https:\/\/www.blpartner.de\/wp\/?s={search_term_string}\"},\"query-input\":{\"@type\":\"PropertyValueSpecification\",\"valueRequired\":true,\"valueName\":\"search_term_string\"}}],\"inLanguage\":\"de\"}]}<\/script>\n<!-- \/ Yoast SEO plugin. -->","yoast_head_json":{"title":"\u00dcber BL&P - Basdorf, Lampe &amp; Partner","robots":{"index":"index","follow":"follow","max-snippet":"max-snippet:-1","max-image-preview":"max-image-preview:large","max-video-preview":"max-video-preview:-1"},"canonical":"https:\/\/www.blpartner.de\/wp\/ueberblp\/","og_locale":"de_DE","og_type":"article","og_title":"\u00dcber BL&P - Basdorf, Lampe &amp; Partner","og_description":"Die Basdorf, Lampe &amp; Partner GmbH baut seit 1994 im S\u00fcdosten Berlins, in K\u00f6penick, Formen und Werkzeuge. Was mit neun Mitarbeitern, zwei neuen CNC-Fr\u00e4smaschinen und einer CAD\/CAM-Station von Tebis begann, konnte durch stetige Investitionen in","og_url":"https:\/\/www.blpartner.de\/wp\/ueberblp\/","og_site_name":"Basdorf, Lampe &amp; Partner","article_modified_time":"2015-07-21T17:57:12+00:00","twitter_card":"summary_large_image","schema":{"@context":"https:\/\/schema.org","@graph":[{"@type":"WebPage","@id":"https:\/\/www.blpartner.de\/wp\/ueberblp\/","url":"https:\/\/www.blpartner.de\/wp\/ueberblp\/","name":"\u00dcber BL&P - Basdorf, Lampe &amp; Partner","isPartOf":{"@id":"https:\/\/www.blpartner.de\/wp\/#website"},"datePublished":"2010-09-15T05:33:46+00:00","dateModified":"2015-07-21T17:57:12+00:00","breadcrumb":{"@id":"https:\/\/www.blpartner.de\/wp\/ueberblp\/#breadcrumb"},"inLanguage":"de","potentialAction":[{"@type":"ReadAction","target":["https:\/\/www.blpartner.de\/wp\/ueberblp\/"]}]},{"@type":"BreadcrumbList","@id":"https:\/\/www.blpartner.de\/wp\/ueberblp\/#breadcrumb","itemListElement":[{"@type":"ListItem","position":1,"name":"Startseite","item":"https:\/\/www.blpartner.de\/wp\/"},{"@type":"ListItem","position":2,"name":"\u00dcber BL&#038;P"}]},{"@type":"WebSite","@id":"https:\/\/www.blpartner.de\/wp\/#website","url":"https:\/\/www.blpartner.de\/wp\/","name":"Basdorf, Lampe &amp; Partner","description":"Werkzeug- und Formenbau","potentialAction":[{"@type":"SearchAction","target":{"@type":"EntryPoint","urlTemplate":"https:\/\/www.blpartner.de\/wp\/?s={search_term_string}"},"query-input":{"@type":"PropertyValueSpecification","valueRequired":true,"valueName":"search_term_string"}}],"inLanguage":"de"}]}},"_links":{"self":[{"href":"https:\/\/www.blpartner.de\/wp\/wp-json\/wp\/v2\/pages\/724","targetHints":{"allow":["GET"]}}],"collection":[{"href":"https:\/\/www.blpartner.de\/wp\/wp-json\/wp\/v2\/pages"}],"about":[{"href":"https:\/\/www.blpartner.de\/wp\/wp-json\/wp\/v2\/types\/page"}],"author":[{"embeddable":true,"href":"https:\/\/www.blpartner.de\/wp\/wp-json\/wp\/v2\/users\/1"}],"replies":[{"embeddable":true,"href":"https:\/\/www.blpartner.de\/wp\/wp-json\/wp\/v2\/comments?post=724"}],"version-history":[{"count":35,"href":"https:\/\/www.blpartner.de\/wp\/wp-json\/wp\/v2\/pages\/724\/revisions"}],"predecessor-version":[{"id":1737,"href":"https:\/\/www.blpartner.de\/wp\/wp-json\/wp\/v2\/pages\/724\/revisions\/1737"}],"wp:attachment":[{"href":"https:\/\/www.blpartner.de\/wp\/wp-json\/wp\/v2\/media?parent=724"}],"curies":[{"name":"wp","href":"https:\/\/api.w.org\/{rel}","templated":true}]}}