{"id":1243,"date":"2011-05-17T19:37:50","date_gmt":"2011-05-17T17:37:50","guid":{"rendered":"http:\/\/www.blpartner.de\/wp\/?page_id=1243"},"modified":"2011-05-17T19:37:50","modified_gmt":"2011-05-17T17:37:50","slug":"lohnarbeit","status":"publish","type":"page","link":"https:\/\/www.blpartner.de\/wp\/lohnarbeit\/","title":{"rendered":"Lohnarbeit"},"content":{"rendered":"<p>Sie k\u00f6nnen bei uns Lohnarbeiten fertigen lassen. Unser moderner Maschinenpark und unsere engagierten Mitarbeiter garantieren einen reibungslosen Ablauf mit gr\u00f6\u00dftm\u00f6glicher Pr\u00e4zision. Ob Einzelteile oder Baugruppen, wir sind bereit. Und wir sind zertifiziert daf\u00fcr.<\/p>\n<p>Wir freuen uns auf Ihre Angebotanfrage.<\/p>\n","protected":false},"excerpt":{"rendered":"<p>Sie k\u00f6nnen bei uns Lohnarbeiten fertigen lassen. Unser moderner Maschinenpark und unsere engagierten Mitarbeiter garantieren einen reibungslosen Ablauf mit gr\u00f6\u00dftm\u00f6glicher Pr\u00e4zision. Ob Einzelteile oder Baugruppen, wir sind bereit. Und wir sind zertifiziert daf\u00fcr. Wir freuen uns auf Ihre Angebotanfrage.<\/p>\n","protected":false},"author":1,"featured_media":0,"parent":0,"menu_order":0,"comment_status":"open","ping_status":"open","template":"page-template-portfolio.php","meta":{"footnotes":""},"class_list":["post-1243","page","type-page","status-publish","hentry"],"yoast_head":"<!-- This site is optimized with the Yoast SEO plugin v26.3 - https:\/\/yoast.com\/wordpress\/plugins\/seo\/ -->\n<title>Lohnarbeit - Basdorf, Lampe &amp; Partner<\/title>\n<meta name=\"robots\" content=\"index, follow, max-snippet:-1, max-image-preview:large, max-video-preview:-1\" \/>\n<link rel=\"canonical\" href=\"https:\/\/www.blpartner.de\/wp\/lohnarbeit\/\" \/>\n<meta property=\"og:locale\" content=\"de_DE\" \/>\n<meta property=\"og:type\" content=\"article\" \/>\n<meta property=\"og:title\" content=\"Lohnarbeit - Basdorf, Lampe &amp; Partner\" \/>\n<meta property=\"og:description\" content=\"Sie k\u00f6nnen bei uns Lohnarbeiten fertigen lassen. Unser moderner Maschinenpark und unsere engagierten Mitarbeiter garantieren einen reibungslosen Ablauf mit gr\u00f6\u00dftm\u00f6glicher Pr\u00e4zision. Ob Einzelteile oder Baugruppen, wir sind bereit. Und wir sind zertifiziert daf\u00fcr. Wir freuen uns auf Ihre Angebotanfrage.\" \/>\n<meta property=\"og:url\" content=\"https:\/\/www.blpartner.de\/wp\/lohnarbeit\/\" \/>\n<meta property=\"og:site_name\" content=\"Basdorf, Lampe &amp; Partner\" \/>\n<meta name=\"twitter:card\" content=\"summary_large_image\" \/>\n<script type=\"application\/ld+json\" class=\"yoast-schema-graph\">{\"@context\":\"https:\/\/schema.org\",\"@graph\":[{\"@type\":\"WebPage\",\"@id\":\"https:\/\/www.blpartner.de\/wp\/lohnarbeit\/\",\"url\":\"https:\/\/www.blpartner.de\/wp\/lohnarbeit\/\",\"name\":\"Lohnarbeit - Basdorf, Lampe &amp; Partner\",\"isPartOf\":{\"@id\":\"https:\/\/www.blpartner.de\/wp\/#website\"},\"datePublished\":\"2011-05-17T17:37:50+00:00\",\"breadcrumb\":{\"@id\":\"https:\/\/www.blpartner.de\/wp\/lohnarbeit\/#breadcrumb\"},\"inLanguage\":\"de\",\"potentialAction\":[{\"@type\":\"ReadAction\",\"target\":[\"https:\/\/www.blpartner.de\/wp\/lohnarbeit\/\"]}]},{\"@type\":\"BreadcrumbList\",\"@id\":\"https:\/\/www.blpartner.de\/wp\/lohnarbeit\/#breadcrumb\",\"itemListElement\":[{\"@type\":\"ListItem\",\"position\":1,\"name\":\"Startseite\",\"item\":\"https:\/\/www.blpartner.de\/wp\/\"},{\"@type\":\"ListItem\",\"position\":2,\"name\":\"Lohnarbeit\"}]},{\"@type\":\"WebSite\",\"@id\":\"https:\/\/www.blpartner.de\/wp\/#website\",\"url\":\"https:\/\/www.blpartner.de\/wp\/\",\"name\":\"Basdorf, Lampe &amp; Partner\",\"description\":\"Werkzeug- und Formenbau\",\"potentialAction\":[{\"@type\":\"SearchAction\",\"target\":{\"@type\":\"EntryPoint\",\"urlTemplate\":\"https:\/\/www.blpartner.de\/wp\/?s={search_term_string}\"},\"query-input\":{\"@type\":\"PropertyValueSpecification\",\"valueRequired\":true,\"valueName\":\"search_term_string\"}}],\"inLanguage\":\"de\"}]}<\/script>\n<!-- \/ Yoast SEO plugin. -->","yoast_head_json":{"title":"Lohnarbeit - Basdorf, Lampe &amp; Partner","robots":{"index":"index","follow":"follow","max-snippet":"max-snippet:-1","max-image-preview":"max-image-preview:large","max-video-preview":"max-video-preview:-1"},"canonical":"https:\/\/www.blpartner.de\/wp\/lohnarbeit\/","og_locale":"de_DE","og_type":"article","og_title":"Lohnarbeit - Basdorf, Lampe &amp; Partner","og_description":"Sie k\u00f6nnen bei uns Lohnarbeiten fertigen lassen. Unser moderner Maschinenpark und unsere engagierten Mitarbeiter garantieren einen reibungslosen Ablauf mit gr\u00f6\u00dftm\u00f6glicher Pr\u00e4zision. Ob Einzelteile oder Baugruppen, wir sind bereit. Und wir sind zertifiziert daf\u00fcr. Wir freuen uns auf Ihre Angebotanfrage.","og_url":"https:\/\/www.blpartner.de\/wp\/lohnarbeit\/","og_site_name":"Basdorf, Lampe &amp; Partner","twitter_card":"summary_large_image","schema":{"@context":"https:\/\/schema.org","@graph":[{"@type":"WebPage","@id":"https:\/\/www.blpartner.de\/wp\/lohnarbeit\/","url":"https:\/\/www.blpartner.de\/wp\/lohnarbeit\/","name":"Lohnarbeit - Basdorf, Lampe &amp; Partner","isPartOf":{"@id":"https:\/\/www.blpartner.de\/wp\/#website"},"datePublished":"2011-05-17T17:37:50+00:00","breadcrumb":{"@id":"https:\/\/www.blpartner.de\/wp\/lohnarbeit\/#breadcrumb"},"inLanguage":"de","potentialAction":[{"@type":"ReadAction","target":["https:\/\/www.blpartner.de\/wp\/lohnarbeit\/"]}]},{"@type":"BreadcrumbList","@id":"https:\/\/www.blpartner.de\/wp\/lohnarbeit\/#breadcrumb","itemListElement":[{"@type":"ListItem","position":1,"name":"Startseite","item":"https:\/\/www.blpartner.de\/wp\/"},{"@type":"ListItem","position":2,"name":"Lohnarbeit"}]},{"@type":"WebSite","@id":"https:\/\/www.blpartner.de\/wp\/#website","url":"https:\/\/www.blpartner.de\/wp\/","name":"Basdorf, Lampe &amp; Partner","description":"Werkzeug- und Formenbau","potentialAction":[{"@type":"SearchAction","target":{"@type":"EntryPoint","urlTemplate":"https:\/\/www.blpartner.de\/wp\/?s={search_term_string}"},"query-input":{"@type":"PropertyValueSpecification","valueRequired":true,"valueName":"search_term_string"}}],"inLanguage":"de"}]}},"_links":{"self":[{"href":"https:\/\/www.blpartner.de\/wp\/wp-json\/wp\/v2\/pages\/1243","targetHints":{"allow":["GET"]}}],"collection":[{"href":"https:\/\/www.blpartner.de\/wp\/wp-json\/wp\/v2\/pages"}],"about":[{"href":"https:\/\/www.blpartner.de\/wp\/wp-json\/wp\/v2\/types\/page"}],"author":[{"embeddable":true,"href":"https:\/\/www.blpartner.de\/wp\/wp-json\/wp\/v2\/users\/1"}],"replies":[{"embeddable":true,"href":"https:\/\/www.blpartner.de\/wp\/wp-json\/wp\/v2\/comments?post=1243"}],"version-history":[{"count":1,"href":"https:\/\/www.blpartner.de\/wp\/wp-json\/wp\/v2\/pages\/1243\/revisions"}],"predecessor-version":[{"id":1244,"href":"https:\/\/www.blpartner.de\/wp\/wp-json\/wp\/v2\/pages\/1243\/revisions\/1244"}],"wp:attachment":[{"href":"https:\/\/www.blpartner.de\/wp\/wp-json\/wp\/v2\/media?parent=1243"}],"curies":[{"name":"wp","href":"https:\/\/api.w.org\/{rel}","templated":true}]}}